{"id":9,"date":"2025-03-12T10:43:41","date_gmt":"2025-03-12T09:43:41","guid":{"rendered":"http:\/\/d2bpower.fr\/?page_id=9"},"modified":"2025-04-20T11:52:09","modified_gmt":"2025-04-20T09:52:09","slug":"accueil","status":"publish","type":"page","link":"https:\/\/d2bpower.fr\/","title":{"rendered":"Accueil"},"content":{"rendered":"\n<p class=\"has-text-align-left\">Chez D2B Power &amp; Wood Care, la prestation de service est plus qu\u2019un m\u00e9tier, c\u2019est une passion pour la satisfaction de nos clients. Chaque projet est une collaboration : nous formons une v\u00e9ritable \u00e9quipe avec vous pour \u00e9tablir un devis clair et adapt\u00e9 \u00e0 vos besoins.<\/p>\n\n\n\n<p>Nos engagements ? Des tarifs justes, une ponctualit\u00e9 exemplaire et un travail r\u00e9alis\u00e9 avec rigueur. Nous repartons uniquement lorsque nous avons la certitude que tout est parfaitement r\u00e9alis\u00e9, pour garantir votre satisfaction totale.<\/p>\n\n\n\n<p><\/p>\n","protected":false},"excerpt":{"rendered":"<p>Chez D2B Power &amp; Wood Care, la prestation de service est plus qu\u2019un m\u00e9tier, c\u2019est une passion pour la satisfaction de nos clients. Chaque projet est une collaboration : nous formons une v\u00e9ritable \u00e9quipe avec vous pour \u00e9tablir un devis clair et adapt\u00e9 \u00e0 vos besoins. Nos engagements ? Des tarifs justes, une ponctualit\u00e9 exemplaire &hellip; <\/p>\n<p class=\"link-more\"><a href=\"https:\/\/d2bpower.fr\/\" class=\"more-link\">Continue reading<span class=\"screen-reader-text\"> &#8220;Accueil&#8221;<\/span><\/a><\/p>\n","protected":false},"author":1,"featured_media":0,"parent":0,"menu_order":0,"comment_status":"closed","ping_status":"closed","template":"","meta":{"footnotes":""},"class_list":["post-9","page","type-page","status-publish","hentry"],"_links":{"self":[{"href":"https:\/\/d2bpower.fr\/index.php?rest_route=\/wp\/v2\/pages\/9","targetHints":{"allow":["GET"]}}],"collection":[{"href":"https:\/\/d2bpower.fr\/index.php?rest_route=\/wp\/v2\/pages"}],"about":[{"href":"https:\/\/d2bpower.fr\/index.php?rest_route=\/wp\/v2\/types\/page"}],"author":[{"embeddable":true,"href":"https:\/\/d2bpower.fr\/index.php?rest_route=\/wp\/v2\/users\/1"}],"replies":[{"embeddable":true,"href":"https:\/\/d2bpower.fr\/index.php?rest_route=%2Fwp%2Fv2%2Fcomments&post=9"}],"version-history":[{"count":7,"href":"https:\/\/d2bpower.fr\/index.php?rest_route=\/wp\/v2\/pages\/9\/revisions"}],"predecessor-version":[{"id":140,"href":"https:\/\/d2bpower.fr\/index.php?rest_route=\/wp\/v2\/pages\/9\/revisions\/140"}],"wp:attachment":[{"href":"https:\/\/d2bpower.fr\/index.php?rest_route=%2Fwp%2Fv2%2Fmedia&parent=9"}],"curies":[{"name":"wp","href":"https:\/\/api.w.org\/{rel}","templated":true}]}}